{"id":3334,"date":"2023-11-29T14:03:18","date_gmt":"2023-11-29T14:03:18","guid":{"rendered":"https:\/\/staging.myitalytotheworld.com\/myitalytotheworld-tutorials\/"},"modified":"2023-12-04T15:35:47","modified_gmt":"2023-12-04T15:35:47","slug":"tutoriales-myitalytotheworld","status":"publish","type":"page","link":"https:\/\/staging.myitalytotheworld.com\/es\/tutoriales-myitalytotheworld\/","title":{"rendered":"Tutoriales MyItalytotheWorld WEBINAR"},"content":{"rendered":"<div class=\"wpb-content-wrapper\"><p>[vc_row css=\u00bb.vc_custom_1460122496361{margin-bottom: 30px !important;}\u00bb][vc_column]<h1 class='heading-left  divider-sm'  style='color: #565a5c'><span>Tutoriales MyItalytotheWorld<em class=\"heading-subtitle\">Webinar<\/em><\/span><\/h1>[vc_empty_space][\/vc_column][\/vc_row][vc_row css=\u00bb.vc_custom_1460122496361{margin-bottom: 30px !important;}\u00bb][vc_column][vc_separator][\/vc_column][\/vc_row][vc_row css=\u00bb.vc_custom_1460122496361{margin-bottom: 30px !important;}\u00bb][vc_column width=\u00bb1\/4&#8243;]<h3 class='heading-left  divider-modern' ><span><em class=\"heading-subtitle\">Registro y acceso<\/em><\/span><\/h3>[\/vc_column][vc_column width=\u00bb1\/2&#8243;][vc_column_text]<\/p>\n<h4><span style=\"color: #565a5c;\">Este primer v\u00eddeo presenta una introducci\u00f3n a nuestra plataforma de reservaci\u00f3n en l\u00ednea, MyItalytotheWorld.<br \/>\nNo importa si se trata de reservar hoteles, traslados o experiencias, \u00a1nosotros nos encargamos!<br \/>\nAprende a <a href=\"https:\/\/www.myitalytotheworld.com\/webinars\/registrazione-sample\/\">crear tu cuenta personal y accede al portal<\/a> en cuesti\u00f3n de minutos.<br \/>\nPero eso no es todo, aprende tambi\u00e9n a establecer un recargo para los diferentes productos disponibles dentro de la plataforma.<\/span><\/h4>\n<p>[\/vc_column_text][\/vc_column][vc_column width=\u00bb1\/4&#8243;][vc_single_image image=\u00bb2997&#8243; img_size=\u00bblarge\u00bb][vc_column_text]<a href=\"https:\/\/www.myitalytotheworld.com\/webinars\/noleggio-auto-sample\/\">Ver el v\u00eddeo<\/a>[\/vc_column_text][\/vc_column][\/vc_row][vc_row css=\u00bb.vc_custom_1460122496361{margin-bottom: 30px !important;}\u00bb][vc_column][vc_separator][\/vc_column][\/vc_row][vc_row css=\u00bb.vc_custom_1460122496361{margin-bottom: 30px !important;}\u00bb][vc_column width=\u00bb1\/4&#8243;]<h3 class='heading-left  divider-modern' ><span><em class=\"heading-subtitle\">Reservaci\u00f3n hoteles<\/em><\/span><\/h3>[\/vc_column][vc_column width=\u00bb1\/2&#8243;][vc_column_text]<\/p>\n<h4><span style=\"color: #565a5c;\">Segundo v\u00eddeo de la serie de Tutoriales MyItalytotheWorld.<br \/>\nEn este v\u00eddeo <a href=\"https:\/\/www.myitalytotheworld.com\/webinars\/hotel-sample\/\">aprende c\u00f3mo hacer una reservaci\u00f3n de un hotel<\/a> y gestionar todo el proceso.<br \/>\nTambi\u00e9n ver\u00e1s c\u00f3mo realizar el pago, generar el voucher para tu cliente, enviarlo directamente desde el sistema sin necesidad de descargarlo y, si es necesario, proceder a la cancelaci\u00f3n.<\/span><\/h4>\n<p>[\/vc_column_text][\/vc_column][vc_column width=\u00bb1\/4&#8243;][vc_single_image image=\u00bb3003&#8243; img_size=\u00bblarge\u00bb][vc_column_text]<a href=\"https:\/\/www.myitalytotheworld.com\/webinars\/noleggio-auto-sample\/\">Ver el v\u00eddeo<\/a>[\/vc_column_text][\/vc_column][\/vc_row][vc_row css=\u00bb.vc_custom_1460122496361{margin-bottom: 30px !important;}\u00bb][vc_column][vc_separator][\/vc_column][\/vc_row][vc_row css=\u00bb.vc_custom_1460122496361{margin-bottom: 30px !important;}\u00bb][vc_column width=\u00bb1\/4&#8243;]<h3 class='heading-left  divider-modern' ><span><em class=\"heading-subtitle\">Reservar traslados<\/em><\/span><\/h3>[\/vc_column][vc_column width=\u00bb1\/2&#8243;][vc_column_text]<\/p>\n<h4><span style=\"color: #565a5c;\">Tercer v\u00eddeo de la serie de Tutoriales MyItalytotheWorld.<br \/>\nEn este v\u00eddeo te guiaremos por el <a href=\"https:\/\/www.myitalytotheworld.com\/webinars\/transfer-sample\/\">proceso de la reservaci\u00f3n de traslados<\/a>.<br \/>\nAprender c\u00f3mo hacer una reservaci\u00f3n, gestionar todos los detalles, completar el pago eficientemente, generar un voucher personalizado para tus clientes y, si es necesario, c\u00f3mo cancelar la reservaci\u00f3n.<br \/>\nDescubre las mejores t\u00e9cnicas para simplificar el proceso de reservaci\u00f3n de traslados y ofrecer un servicio impecable a tus clientes.<\/span><\/h4>\n<p>[\/vc_column_text][\/vc_column][vc_column width=\u00bb1\/4&#8243;][vc_single_image image=\u00bb3009&#8243; img_size=\u00bblarge\u00bb][vc_column_text]<a href=\"https:\/\/www.myitalytotheworld.com\/webinars\/noleggio-auto-sample\/\">Ver el v\u00eddeo<\/a>[\/vc_column_text][\/vc_column][\/vc_row][vc_row css=\u00bb.vc_custom_1460122496361{margin-bottom: 30px !important;}\u00bb][vc_column][vc_separator][\/vc_column][\/vc_row][vc_row css=\u00bb.vc_custom_1460122496361{margin-bottom: 30px !important;}\u00bb][vc_column width=\u00bb1\/4&#8243;]<h3 class='heading-left  divider-modern' ><span><em class=\"heading-subtitle\">Reservaci\u00f3n de museos y excursiones<\/em><\/span><\/h3>[\/vc_column][vc_column width=\u00bb1\/2&#8243;][vc_column_text]<\/p>\n<h4><span style=\"color: #565a5c;\">Cuarto v\u00eddeo de la serie de Tutoriales MyItalytotheWorld.<br \/>\nEn este v\u00eddeo te guiaremos a trav\u00e9s del proceso de <a href=\"https:\/\/www.myitalytotheworld.com\/webinars\/musei-sample\/\">reservaci\u00f3n de museos en Italia<\/a>. Aprender\u00e1s a reservar eficazmente no s\u00f3lo entradas para museos, sino que tambi\u00e9n podr\u00e1s utilizar el mismo procedimiento para reservar visitas en grupo y visitas privadas.<br \/>\nTambi\u00e9n te mostraremos c\u00f3mo se genera el voucher, que podr\u00e1s enviar a tu cliente en formato PDF o imprimir.<br \/>\n<\/span><\/h4>\n<p>[\/vc_column_text][\/vc_column][vc_column width=\u00bb1\/4&#8243;][vc_single_image image=\u00bb2991&#8243; img_size=\u00bblarge\u00bb][vc_column_text]<a href=\"https:\/\/www.myitalytotheworld.com\/webinars\/noleggio-auto-sample\/\">Ver el v\u00eddeo<\/a>[\/vc_column_text][\/vc_column][\/vc_row][vc_row css=\u00bb.vc_custom_1460122496361{margin-bottom: 30px !important;}\u00bb][vc_column][vc_separator][\/vc_column][\/vc_row][vc_row css=\u00bb.vc_custom_1460122496361{margin-bottom: 30px !important;}\u00bb][vc_column width=\u00bb1\/4&#8243;]<h3 class='heading-left  divider-modern' ><span><em class=\"heading-subtitle\">Reservar tours y minitours<\/em><\/span><\/h3>[\/vc_column][vc_column width=\u00bb1\/2&#8243;][vc_column_text]<\/p>\n<h4><span style=\"color: #565a5c;\">Quinto v\u00eddeo de la serie de Tutoriales MyItalytotheWorld.<br \/>\nEn este v\u00eddeo, te guiaremos a trav\u00e9s del proceso de<a href=\"https:\/\/www.myitalytotheworld.com\/webinars\/tour-sample\/\"> reservaci\u00f3n de emocionantes tours y mini tours alrededor del mundo<\/a>.<br \/>\nDescubre c\u00f3mo reservar aventuras extraordinarias, personalizar itinerarios inolvidables, gestionar el pago con facilidad y ofrecer a tus clientes la oportunidad de disfrutar de experiencias \u00fanicas.<br \/>\nDeseamos mostrarte c\u00f3mo hacer a\u00fan m\u00e1s f\u00e1cil la planificaci\u00f3n de viajes extraordinarios.<\/span><\/h4>\n<p>[\/vc_column_text][\/vc_column][vc_column width=\u00bb1\/4&#8243;][vc_single_image image=\u00bb3015&#8243; img_size=\u00bblarge\u00bb][vc_column_text]<a href=\"https:\/\/www.myitalytotheworld.com\/webinars\/noleggio-auto-sample\/\">Ver el v\u00eddeo<\/a>[\/vc_column_text][\/vc_column][\/vc_row][vc_row css=\u00bb.vc_custom_1460122496361{margin-bottom: 30px !important;}\u00bb][vc_column][vc_separator][\/vc_column][\/vc_row][vc_row css=\u00bb.vc_custom_1460122496361{margin-bottom: 30px !important;}\u00bb][vc_column width=\u00bb1\/4&#8243;]<h3 class='heading-left  divider-modern' ><span><em class=\"heading-subtitle\">Reservar Estad\u00edas Cortas<\/em><\/span><\/h3>[\/vc_column][vc_column width=\u00bb1\/2&#8243;][vc_column_text]<\/p>\n<h4><span style=\"color: #565a5c;\">Sexto\u00a0v\u00eddeo de la serie de Tutoriales MyItalytotheWorld.<br \/>\nEn este v\u00eddeo, te guiaremos a trav\u00e9s del proceso de reservaci\u00f3n de Short Breaks, las Estad\u00edas cortas perfectas para un descanso relajante o una excursi\u00f3n llena de aventuras.<br \/>\n<a href=\"https:\/\/www.myitalytotheworld.com\/webinars\/shortbreak-sample\/\">Descubre c\u00f3mo planificar los Short Breaks (Estad\u00edas cortas)<\/a>, selecciona los destinos ideales, gestiona el pago de forma eficaz y asegurarte de que tus clientes disfruten de una experiencia de viaje inolvidable.<\/span><\/h4>\n<p>[\/vc_column_text][\/vc_column][vc_column width=\u00bb1\/4&#8243;][vc_single_image image=\u00bb3021&#8243; img_size=\u00bblarge\u00bb][vc_column_text]<a href=\"https:\/\/www.myitalytotheworld.com\/webinars\/noleggio-auto-sample\/\">Ver el v\u00eddeo<\/a>[\/vc_column_text][\/vc_column][\/vc_row][vc_row css=\u00bb.vc_custom_1460122496361{margin-bottom: 30px !important;}\u00bb][vc_column][vc_separator][\/vc_column][\/vc_row][vc_row css=\u00bb.vc_custom_1460122496361{margin-bottom: 30px !important;}\u00bb][vc_column width=\u00bb1\/4&#8243;]<h3 class='heading-left  divider-modern' ><span><em class=\"heading-subtitle\">Oferta grupos<\/em><\/span><\/h3>[\/vc_column][vc_column width=\u00bb1\/2&#8243;][vc_column_text]<\/p>\n<h4><span style=\"color: #565a5c;\">S\u00e9ptimo v\u00eddeo de la serie de Tutoriales MyItalytotheWorld.<br \/>\nEn este v\u00eddeo <a href=\"https:\/\/www.myitalytotheworld.com\/webinars\/gruppi-sample\/\">aprende a realizar un pedido de presupuesto de grupo<\/a> de forma eficaz.<\/span><\/h4>\n<p>[\/vc_column_text][\/vc_column][vc_column width=\u00bb1\/4&#8243;][vc_single_image image=\u00bb3027&#8243; img_size=\u00bblarge\u00bb][vc_column_text]<a href=\"https:\/\/www.myitalytotheworld.com\/webinars\/noleggio-auto-sample\/\">Ver el v\u00eddeo<\/a>[\/vc_column_text][\/vc_column][\/vc_row][vc_row css=\u00bb.vc_custom_1460122496361{margin-bottom: 30px !important;}\u00bb][vc_column][vc_separator][\/vc_column][\/vc_row][vc_row][vc_column width=\u00bb1\/4&#8243;]<h3 class='heading-left  divider-modern' ><span><em class=\"heading-subtitle\">Alquiler de autos<\/em><\/span><\/h3>[\/vc_column][vc_column width=\u00bb1\/2&#8243;][vc_column_text]<\/p>\n<h4><span style=\"color: #565a5c;\">Octavo v\u00eddeo de la serie de Tutoriales MyItalytotheWorld.<br \/>\nEn este v\u00eddeo, te mostraremos el <a href=\"https:\/\/www.myitalytotheworld.com\/webinars\/noleggio-auto-sample\/\">proceso de reservaci\u00f3n para el alquiler de autos<\/a>. No s\u00f3lo aprender\u00e1s a reservar de forma eficiente, sino que tambi\u00e9n te guiaremos a trav\u00e9s de todo el proceso, incluidos los detalles de pago con tarjeta de cr\u00e9dito y las instrucciones de cancelaci\u00f3n.<br \/>\nAdem\u00e1s, descubrir\u00e1s c\u00f3mo generar f\u00e1cilmente un voucher para tu cliente directamente desde el sistema, sin necesidad de descargarlo.<br \/>\n<\/span><\/h4>\n<h4><span style=\"color: #565a5c;\">\u00a0<\/span><\/h4>\n<p>[\/vc_column_text][\/vc_column][vc_column width=\u00bb1\/4&#8243;][vc_single_image image=\u00bb3033&#8243; img_size=\u00bblarge\u00bb][vc_column_text]<a href=\"https:\/\/www.myitalytotheworld.com\/webinars\/noleggio-auto-sample\/\">Ver el v\u00eddeo<\/a>[\/vc_column_text][\/vc_column][\/vc_row][vc_row][vc_column][vc_separator][\/vc_column][\/vc_row]<\/p>\n<\/div>","protected":false},"excerpt":{"rendered":"<p>[vc_row css=\u00bb.vc_custom_1460122496361{margin-bottom: 30px !important;}\u00bb][vc_column][vc_empty_space][\/vc_column][\/vc_row][vc_row css=\u00bb.vc_custom_1460122496361{margin-bottom: 30px !important;}\u00bb][vc_column][vc_separator][\/vc_column][\/vc_row][vc_row css=\u00bb.vc_custom_1460122496361{margin-bottom: 30px !important;}\u00bb][vc_column width=\u00bb1\/4&#8243;][\/vc_column][vc_column width=\u00bb1\/2&#8243;][vc_column_text] Este primer v\u00eddeo presenta una introducci\u00f3n a nuestra plataforma de reservaci\u00f3n en l\u00ednea, MyItalytotheWorld. No importa si se trata de reservar hoteles, traslados o experiencias, \u00a1nosotros nos encargamos! &hellip;<\/p>\n","protected":false},"author":3,"featured_media":0,"parent":0,"menu_order":0,"comment_status":"closed","ping_status":"closed","template":"","meta":{"footnotes":""},"class_list":["post-3334","page","type-page","status-publish","hentry"],"yoast_head":"<!-- This site is optimized with the Yoast SEO plugin v26.3 - https:\/\/yoast.com\/wordpress\/plugins\/seo\/ -->\n<title>Tutoriales MyItalytotheWorld WEBINAR - MyItalytotheWorld<\/title>\n<meta name=\"description\" content=\"Tutoriales MyItalytotheWorld Webinar es un resumen de los v\u00eddeos Paso a Paso, que te guiar\u00e1n a trav\u00e9s de nuestra nueva plataforma!\" \/>\n<meta name=\"robots\" content=\"noindex, follow, max-snippet:-1, max-image-preview:large, max-video-preview:-1\" \/>\n<meta property=\"og:locale\" content=\"es_ES\" \/>\n<meta property=\"og:type\" content=\"article\" \/>\n<meta property=\"og:title\" content=\"Tutoriales MyItalytotheWorld WEBINAR - MyItalytotheWorld\" \/>\n<meta property=\"og:description\" content=\"Tutoriales MyItalytotheWorld Webinar es un resumen de los v\u00eddeos Paso a Paso, que te guiar\u00e1n a trav\u00e9s de nuestra nueva plataforma!\" \/>\n<meta property=\"og:url\" content=\"https:\/\/staging.myitalytotheworld.com\/es\/tutoriales-myitalytotheworld\/\" \/>\n<meta property=\"og:site_name\" content=\"MyItalytotheWorld\" \/>\n<meta property=\"article:modified_time\" content=\"2023-12-04T15:35:47+00:00\" \/>\n<meta name=\"twitter:card\" content=\"summary_large_image\" \/>\n<meta name=\"twitter:label1\" content=\"Tiempo de lectura\" \/>\n\t<meta name=\"twitter:data1\" content=\"3 minutos\" \/>\n<script type=\"application\/ld+json\" class=\"yoast-schema-graph\">{\"@context\":\"https:\/\/schema.org\",\"@graph\":[{\"@type\":\"WebPage\",\"@id\":\"https:\/\/staging.myitalytotheworld.com\/es\/tutoriales-myitalytotheworld\/\",\"url\":\"https:\/\/staging.myitalytotheworld.com\/es\/tutoriales-myitalytotheworld\/\",\"name\":\"Tutoriales MyItalytotheWorld WEBINAR - MyItalytotheWorld\",\"isPartOf\":{\"@id\":\"https:\/\/staging.myitalytotheworld.com\/es\/#website\"},\"datePublished\":\"2023-11-29T14:03:18+00:00\",\"dateModified\":\"2023-12-04T15:35:47+00:00\",\"description\":\"Tutoriales MyItalytotheWorld Webinar es un resumen de los v\u00eddeos Paso a Paso, que te guiar\u00e1n a trav\u00e9s de nuestra nueva plataforma!\",\"breadcrumb\":{\"@id\":\"https:\/\/staging.myitalytotheworld.com\/es\/tutoriales-myitalytotheworld\/#breadcrumb\"},\"inLanguage\":\"es\",\"potentialAction\":[{\"@type\":\"ReadAction\",\"target\":[\"https:\/\/staging.myitalytotheworld.com\/es\/tutoriales-myitalytotheworld\/\"]}]},{\"@type\":\"BreadcrumbList\",\"@id\":\"https:\/\/staging.myitalytotheworld.com\/es\/tutoriales-myitalytotheworld\/#breadcrumb\",\"itemListElement\":[{\"@type\":\"ListItem\",\"position\":1,\"name\":\"Home\",\"item\":\"https:\/\/staging.myitalytotheworld.com\/es\/\"},{\"@type\":\"ListItem\",\"position\":2,\"name\":\"Tutoriales MyItalytotheWorld WEBINAR\"}]},{\"@type\":\"WebSite\",\"@id\":\"https:\/\/staging.myitalytotheworld.com\/es\/#website\",\"url\":\"https:\/\/staging.myitalytotheworld.com\/es\/\",\"name\":\"MyItalytotheWorld\",\"description\":\"\",\"potentialAction\":[{\"@type\":\"SearchAction\",\"target\":{\"@type\":\"EntryPoint\",\"urlTemplate\":\"https:\/\/staging.myitalytotheworld.com\/es\/?s={search_term_string}\"},\"query-input\":{\"@type\":\"PropertyValueSpecification\",\"valueRequired\":true,\"valueName\":\"search_term_string\"}}],\"inLanguage\":\"es\"}]}<\/script>\n<!-- \/ Yoast SEO plugin. -->","yoast_head_json":{"title":"Tutoriales MyItalytotheWorld WEBINAR - MyItalytotheWorld","description":"Tutoriales MyItalytotheWorld Webinar es un resumen de los v\u00eddeos Paso a Paso, que te guiar\u00e1n a trav\u00e9s de nuestra nueva plataforma!","robots":{"index":"noindex","follow":"follow","max-snippet":"max-snippet:-1","max-image-preview":"max-image-preview:large","max-video-preview":"max-video-preview:-1"},"og_locale":"es_ES","og_type":"article","og_title":"Tutoriales MyItalytotheWorld WEBINAR - MyItalytotheWorld","og_description":"Tutoriales MyItalytotheWorld Webinar es un resumen de los v\u00eddeos Paso a Paso, que te guiar\u00e1n a trav\u00e9s de nuestra nueva plataforma!","og_url":"https:\/\/staging.myitalytotheworld.com\/es\/tutoriales-myitalytotheworld\/","og_site_name":"MyItalytotheWorld","article_modified_time":"2023-12-04T15:35:47+00:00","twitter_card":"summary_large_image","twitter_misc":{"Tiempo de lectura":"3 minutos"},"schema":{"@context":"https:\/\/schema.org","@graph":[{"@type":"WebPage","@id":"https:\/\/staging.myitalytotheworld.com\/es\/tutoriales-myitalytotheworld\/","url":"https:\/\/staging.myitalytotheworld.com\/es\/tutoriales-myitalytotheworld\/","name":"Tutoriales MyItalytotheWorld WEBINAR - MyItalytotheWorld","isPartOf":{"@id":"https:\/\/staging.myitalytotheworld.com\/es\/#website"},"datePublished":"2023-11-29T14:03:18+00:00","dateModified":"2023-12-04T15:35:47+00:00","description":"Tutoriales MyItalytotheWorld Webinar es un resumen de los v\u00eddeos Paso a Paso, que te guiar\u00e1n a trav\u00e9s de nuestra nueva plataforma!","breadcrumb":{"@id":"https:\/\/staging.myitalytotheworld.com\/es\/tutoriales-myitalytotheworld\/#breadcrumb"},"inLanguage":"es","potentialAction":[{"@type":"ReadAction","target":["https:\/\/staging.myitalytotheworld.com\/es\/tutoriales-myitalytotheworld\/"]}]},{"@type":"BreadcrumbList","@id":"https:\/\/staging.myitalytotheworld.com\/es\/tutoriales-myitalytotheworld\/#breadcrumb","itemListElement":[{"@type":"ListItem","position":1,"name":"Home","item":"https:\/\/staging.myitalytotheworld.com\/es\/"},{"@type":"ListItem","position":2,"name":"Tutoriales MyItalytotheWorld WEBINAR"}]},{"@type":"WebSite","@id":"https:\/\/staging.myitalytotheworld.com\/es\/#website","url":"https:\/\/staging.myitalytotheworld.com\/es\/","name":"MyItalytotheWorld","description":"","potentialAction":[{"@type":"SearchAction","target":{"@type":"EntryPoint","urlTemplate":"https:\/\/staging.myitalytotheworld.com\/es\/?s={search_term_string}"},"query-input":{"@type":"PropertyValueSpecification","valueRequired":true,"valueName":"search_term_string"}}],"inLanguage":"es"}]}},"_links":{"self":[{"href":"https:\/\/staging.myitalytotheworld.com\/es\/wp-json\/wp\/v2\/pages\/3334","targetHints":{"allow":["GET"]}}],"collection":[{"href":"https:\/\/staging.myitalytotheworld.com\/es\/wp-json\/wp\/v2\/pages"}],"about":[{"href":"https:\/\/staging.myitalytotheworld.com\/es\/wp-json\/wp\/v2\/types\/page"}],"author":[{"embeddable":true,"href":"https:\/\/staging.myitalytotheworld.com\/es\/wp-json\/wp\/v2\/users\/3"}],"replies":[{"embeddable":true,"href":"https:\/\/staging.myitalytotheworld.com\/es\/wp-json\/wp\/v2\/comments?post=3334"}],"version-history":[{"count":2,"href":"https:\/\/staging.myitalytotheworld.com\/es\/wp-json\/wp\/v2\/pages\/3334\/revisions"}],"predecessor-version":[{"id":3460,"href":"https:\/\/staging.myitalytotheworld.com\/es\/wp-json\/wp\/v2\/pages\/3334\/revisions\/3460"}],"wp:attachment":[{"href":"https:\/\/staging.myitalytotheworld.com\/es\/wp-json\/wp\/v2\/media?parent=3334"}],"curies":[{"name":"wp","href":"https:\/\/api.w.org\/{rel}","templated":true}]}}